{"id":23208,"date":"2025-09-05T11:52:13","date_gmt":"2025-09-05T09:52:13","guid":{"rendered":"https:\/\/career.scheer-group.com\/de\/?page_id=23208"},"modified":"2025-10-09T17:01:38","modified_gmt":"2025-10-09T15:01:38","slug":"kontakt","status":"publish","type":"page","link":"https:\/\/career.scheer-group.com\/de\/kontakt\/","title":{"rendered":"Kontaktiere uns"},"content":{"rendered":"<div id=\"pl-23208\"  class=\"panel-layout\" ><div id=\"pg-23208-0\"  class=\"panel-grid panel-no-style\"  style=\"--mobile-padding:;\" ><div id=\"pgc-23208-0-0\"  class=\"panel-grid-cell\" ><div id=\"panel-23208-0-0-0\" class=\"so-panel widget widget_zrm-up-job-header panel-first-child panel-last-child\" data-index=\"0\" ><div\n\t\t\t\n\t\t\tclass=\"so-widget-zrm-up-job-header so-widget-zrm-up-job-header-default-d75171398898-23208\"\n\t\t\t\n\t\t>\n\n\t<div class=\"widget widget--update widget--job-header widget--show\" style=\"--margins-desktop:0px 0px 160px 0px;--margins-mobile:0px 0px 80px 0px;--paddings-desktop:0px 0px 0px 0px;--paddings-mobile:0px 0px 0px 0px;\">\n\t\t<div class=\"job-header\">\n\t\t\t<div class=\"job-header__wrapper wrapper\">\n\t\t\t\t<div class=\"wrapper__entry content content--start\">\n\t\t\t\t\t<div class=\"content__headline\">\n\t\t\t\t\t\t<h1 class=\"h1_update\">Kontaktiere uns<\/h1>\t\t\t\t\t<\/div>\n\t\t\t\t\t\t\t\t\t\t\t<div class=\"content__copy text_medium_update\">\n\t\t\t\t\t\t\t<p>Du hast Fragen oder ben\u00f6tigst Unterst\u00fctzung? Unser Karriere-Team hilft dir gerne weiter! <\/p>\n\t\t\t\t\t\t<\/div>\n\t\t\t\t\t\t\t\t\t\t<\/div>\n\t\t\t\t<div class=\"wrapper__entry media\">\n\t\t\t\t\t\t\t\t\t\t\t\t<div class=\"images images--1 \">\n\t\t\t\t\t\t\t\t\t\t\t\t\t\t\t\t\t<img\n\t\t\t\t\t\t\t\t\t\t\t\tclass=\"images__image images__image--1 images__image--4-3\"\n\t\t\t\t\t\t\t\t\t\t\t\tsrc=\"https:\/\/career.scheer-group.com\/de\/wp-content\/uploads\/sites\/8\/2025\/09\/Header-4-3-Contact.jpg\"\n\t\t\t\t\t\t\t\t\t\t\t\talt=\"\"\n\t\t\t\t\t\t\t\t\t\t\t\tdraggable=\"false\"\n\t\t\t\t\t\t\t\t\t>\n\t\t\t\t\t\t\t\t\t\t\t\t\t\t\t\t<\/div>\n\t\t\t\t\t\t\t\t\t\t\t<\/div>\n\t\t\t<\/div>\n\t\t<\/div>\n\t<\/div>\n<\/div><\/div><\/div><\/div><div id=\"pg-23208-1\"  class=\"panel-grid panel-no-style\"  style=\"--mobile-padding:;\" ><div id=\"pgc-23208-1-0\"  class=\"panel-grid-cell panel-grid-cell-empty\" ><\/div><div id=\"pgc-23208-1-1\"  class=\"panel-grid-cell panel-grid-cell-mobile-last\" ><div id=\"panel-23208-1-1-0\" class=\"so-panel widget widget_zrm-up-headline panel-first-child\" data-index=\"1\" ><div\n\t\t\t\n\t\t\tclass=\"so-widget-zrm-up-headline so-widget-zrm-up-headline-default-d75171398898-23208\"\n\t\t\t\n\t\t>\n\n\t<div class=\"widget widget--update widget--headline_update widget--show\" style=\"--margins-desktop:0px 0px 40px 0px;--margins-mobile:0px 0px 20px 0px;\">\n\t\t<h2 class=\"h3_update light ta-left\">Fragen rund um deine Karriere? Kontaktiere uns direkt!<\/h2>\t<\/div>\n\n<\/div><\/div><div id=\"panel-23208-1-1-1\" class=\"so-panel widget widget_zrm-editor panel-last-child\" data-index=\"2\" ><div\n\t\t\t\n\t\t\tclass=\"so-widget-zrm-editor so-widget-zrm-editor-default-d75171398898-23208\"\n\t\t\t\n\t\t><div class=\"widget widget--editor widget--show md\">\n\t<p><span class=\"NormalTextRun SpellingErrorV2Themed SCXW168335741 BCX0\">M\u00f6chtest<\/span><span class=\"NormalTextRun SCXW168335741 BCX0\"> du <\/span><span class=\"NormalTextRun SpellingErrorV2Themed SCXW168335741 BCX0\">gemeinsam<\/span> <span class=\"NormalTextRun SpellingErrorV2Themed SCXW168335741 BCX0\">mit<\/span> <span class=\"NormalTextRun SpellingErrorV2Themed SCXW168335741 BCX0\">uns<\/span><span class=\"NormalTextRun SCXW168335741 BCX0\">, <\/span><span class=\"NormalTextRun SpellingErrorV2Themed SCXW168335741 BCX0\">dein<\/span><span class=\"NormalTextRun SCXW168335741 BCX0\"> \u201eY\u201d<\/span> <span class=\"NormalTextRun SpellingErrorV2Themed SCXW168335741 BCX0\">finden<\/span><span class=\"NormalTextRun SCXW168335741 BCX0\">? <\/span><span class=\"NormalTextRun SpellingErrorV2Themed SCXW168335741 BCX0\">Willst<\/span> <span class=\"NormalTextRun SCXW168335741 BCX0\">du <\/span><span class=\"NormalTextRun SpellingErrorV2Themed SCXW168335741 BCX0\">mehr<\/span> <span class=\"NormalTextRun SpellingErrorV2Themed SCXW168335741 BCX0\">\u00fcber<\/span><span class=\"NormalTextRun SCXW168335741 BCX0\"> die <\/span><span class=\"NormalTextRun SpellingErrorV2Themed SCXW168335741 BCX0\">Karrierem\u00f6glichkeiten<\/span> <span class=\"NormalTextRun SpellingErrorV2Themed SCXW168335741 BCX0\">bei<\/span><span class=\"NormalTextRun SCXW168335741 BCX0\"> Scheer <\/span><span class=\"NormalTextRun SpellingErrorV2Themed SCXW168335741 BCX0\">erfahren<\/span><span class=\"NormalTextRun SCXW168335741 BCX0\">? Oder hast du <\/span><span class=\"NormalTextRun SpellingErrorV2Themed SCXW168335741 BCX0\">Fragen<\/span> <span class=\"NormalTextRun SpellingErrorV2Themed SCXW168335741 BCX0\">zu<\/span> <span class=\"NormalTextRun SpellingErrorV2Themed SCXW168335741 BCX0\">einer<\/span> <span class=\"NormalTextRun SpellingErrorV2Themed SCXW168335741 BCX0\">konkreten<\/span><span class=\"NormalTextRun SCXW168335741 BCX0\"> Stelle?<\/span><\/p>\n<\/div><\/div><\/div><\/div><div id=\"pgc-23208-1-2\"  class=\"panel-grid-cell panel-grid-cell-empty\" ><\/div><\/div><div id=\"pg-23208-2\"  class=\"panel-grid panel-no-style\"  style=\"--mobile-padding:;\" ><div id=\"pgc-23208-2-0\"  class=\"panel-grid-cell panel-grid-cell-empty\" ><\/div><div id=\"pgc-23208-2-1\"  class=\"panel-grid-cell\" ><div id=\"panel-23208-2-1-0\" class=\"so-panel widget widget_zrm-image panel-first-child\" data-index=\"3\" ><div\n\t\t\t\n\t\t\tclass=\"so-widget-zrm-image so-widget-zrm-image-default-d75171398898-23208\"\n\t\t\t\n\t\t>\n<div class=\"widget widget--image  widget--left widget--show xs\">\n\t<div class=\"image__file normalsize noshadow\"><img loading=\"lazy\" decoding=\"async\" width=\"600\" height=\"600\" src=\"https:\/\/career.scheer-group.com\/de\/wp-content\/uploads\/sites\/8\/2025\/09\/HR-Ansprechpartnerinnen-600x600_Anabel-Gillen.jpg\" class=\"attachment-full size-full\" alt=\"\" srcset=\"https:\/\/career.scheer-group.com\/de\/wp-content\/uploads\/sites\/8\/2025\/09\/HR-Ansprechpartnerinnen-600x600_Anabel-Gillen.jpg 600w, https:\/\/career.scheer-group.com\/de\/wp-content\/uploads\/sites\/8\/2025\/09\/HR-Ansprechpartnerinnen-600x600_Anabel-Gillen-300x300.jpg 300w, https:\/\/career.scheer-group.com\/de\/wp-content\/uploads\/sites\/8\/2025\/09\/HR-Ansprechpartnerinnen-600x600_Anabel-Gillen-150x150.jpg 150w\" sizes=\"auto, (max-width: 600px) 100vw, 600px\" \/><\/div>\n\t<\/div><\/div><\/div><div id=\"panel-23208-2-1-1\" class=\"so-panel widget widget_zrm-editor panel-last-child\" data-index=\"4\" ><div\n\t\t\t\n\t\t\tclass=\"so-widget-zrm-editor so-widget-zrm-editor-default-d75171398898-23208\"\n\t\t\t\n\t\t><div class=\"widget widget--editor widget--show md\">\n\t<p style=\"text-align: center\"><strong>Anabel Gillen<\/strong><br \/>\n<span data-teams=\"true\">Recruiting Expert<\/span><\/p>\n<p style=\"text-align: center\"><a href=\"mailto:anabel.gillen@scheer-group.com\">anabel.gillen@scheer-group.com<\/a><\/p>\n<\/div><\/div><\/div><\/div><div id=\"pgc-23208-2-2\"  class=\"panel-grid-cell panel-grid-cell-mobile-last\" ><div id=\"panel-23208-2-2-0\" class=\"so-panel widget widget_zrm-image panel-first-child\" data-index=\"5\" ><div\n\t\t\t\n\t\t\tclass=\"so-widget-zrm-image so-widget-zrm-image-default-d75171398898-23208\"\n\t\t\t\n\t\t>\n<div class=\"widget widget--image  widget--left widget--show xs\">\n\t<div class=\"image__file normalsize noshadow\"><img loading=\"lazy\" decoding=\"async\" width=\"600\" height=\"600\" src=\"https:\/\/career.scheer-group.com\/de\/wp-content\/uploads\/sites\/8\/2025\/09\/HR-Ansprechpartnerinnen-600x600_Jennifer-Wilhelm.jpg\" class=\"attachment-full size-full\" alt=\"\" srcset=\"https:\/\/career.scheer-group.com\/de\/wp-content\/uploads\/sites\/8\/2025\/09\/HR-Ansprechpartnerinnen-600x600_Jennifer-Wilhelm.jpg 600w, https:\/\/career.scheer-group.com\/de\/wp-content\/uploads\/sites\/8\/2025\/09\/HR-Ansprechpartnerinnen-600x600_Jennifer-Wilhelm-300x300.jpg 300w, https:\/\/career.scheer-group.com\/de\/wp-content\/uploads\/sites\/8\/2025\/09\/HR-Ansprechpartnerinnen-600x600_Jennifer-Wilhelm-150x150.jpg 150w\" sizes=\"auto, (max-width: 600px) 100vw, 600px\" \/><\/div>\n\t<\/div><\/div><\/div><div id=\"panel-23208-2-2-1\" class=\"so-panel widget widget_zrm-editor panel-last-child\" data-index=\"6\" ><div\n\t\t\t\n\t\t\tclass=\"so-widget-zrm-editor so-widget-zrm-editor-default-d75171398898-23208\"\n\t\t\t\n\t\t><div class=\"widget widget--editor widget--show md\">\n\t<p style=\"text-align: center\"><strong>Jennifer Wilhelm<\/strong><br \/>\n<span data-teams=\"true\">Recruiting Senior Expert<\/span><\/p>\n<p style=\"text-align: center\"><a href=\"mailto:jennifer.wilhelm@scheer-group.com\">jennifer.wilhelm@scheer-group.com<\/a><\/p>\n<\/div><\/div><\/div><\/div><div id=\"pgc-23208-2-3\"  class=\"panel-grid-cell panel-grid-cell-empty\" ><\/div><\/div><div id=\"pg-23208-3\"  class=\"panel-grid panel-no-style\"  style=\"--mobile-padding:;\" ><div id=\"pgc-23208-3-0\"  class=\"panel-grid-cell panel-grid-cell-empty\" ><\/div><div id=\"pgc-23208-3-1\"  class=\"panel-grid-cell\" ><div id=\"panel-23208-3-1-0\" class=\"so-panel widget widget_zrm-image panel-first-child\" data-index=\"7\" ><div\n\t\t\t\n\t\t\tclass=\"so-widget-zrm-image so-widget-zrm-image-default-d75171398898-23208\"\n\t\t\t\n\t\t>\n<div class=\"widget widget--image  widget--left widget--show xs\">\n\t<div class=\"image__file normalsize noshadow\"><img loading=\"lazy\" decoding=\"async\" width=\"600\" height=\"600\" src=\"https:\/\/career.scheer-group.com\/de\/wp-content\/uploads\/sites\/8\/2025\/09\/HR-Ansprechpartnerinnen-600x600_Claire-Raistrick.jpg\" class=\"attachment-full size-full\" alt=\"\" srcset=\"https:\/\/career.scheer-group.com\/de\/wp-content\/uploads\/sites\/8\/2025\/09\/HR-Ansprechpartnerinnen-600x600_Claire-Raistrick.jpg 600w, https:\/\/career.scheer-group.com\/de\/wp-content\/uploads\/sites\/8\/2025\/09\/HR-Ansprechpartnerinnen-600x600_Claire-Raistrick-300x300.jpg 300w, https:\/\/career.scheer-group.com\/de\/wp-content\/uploads\/sites\/8\/2025\/09\/HR-Ansprechpartnerinnen-600x600_Claire-Raistrick-150x150.jpg 150w\" sizes=\"auto, (max-width: 600px) 100vw, 600px\" \/><\/div>\n\t<\/div><\/div><\/div><div id=\"panel-23208-3-1-1\" class=\"so-panel widget widget_zrm-editor panel-last-child\" data-index=\"8\" ><div\n\t\t\t\n\t\t\tclass=\"so-widget-zrm-editor so-widget-zrm-editor-default-d75171398898-23208\"\n\t\t\t\n\t\t><div class=\"widget widget--editor widget--show md\">\n\t<p style=\"text-align: center\"><strong>Claire Raistrick<\/strong><br \/>\n<span data-teams=\"true\">Global HR Business Partner<\/span><\/p>\n<p style=\"text-align: center\"><a href=\"mailto:claire.raistrick@scheer-group.com\">claire.raistrick@scheer-group.com<\/a><\/p>\n<\/div><\/div><\/div><\/div><div id=\"pgc-23208-3-2\"  class=\"panel-grid-cell panel-grid-cell-mobile-last\" ><div id=\"panel-23208-3-2-0\" class=\"so-panel widget widget_zrm-image panel-first-child\" data-index=\"9\" ><div\n\t\t\t\n\t\t\tclass=\"so-widget-zrm-image so-widget-zrm-image-default-d75171398898-23208\"\n\t\t\t\n\t\t>\n<div class=\"widget widget--image  widget--left widget--show xs\">\n\t<div class=\"image__file normalsize noshadow\"><img loading=\"lazy\" decoding=\"async\" width=\"600\" height=\"600\" src=\"https:\/\/career.scheer-group.com\/de\/wp-content\/uploads\/sites\/8\/2025\/09\/HR-Ansprechpartnerinnen-600x600_Mareike-Winterhalter.jpg\" class=\"attachment-full size-full\" alt=\"\" srcset=\"https:\/\/career.scheer-group.com\/de\/wp-content\/uploads\/sites\/8\/2025\/09\/HR-Ansprechpartnerinnen-600x600_Mareike-Winterhalter.jpg 600w, https:\/\/career.scheer-group.com\/de\/wp-content\/uploads\/sites\/8\/2025\/09\/HR-Ansprechpartnerinnen-600x600_Mareike-Winterhalter-300x300.jpg 300w, https:\/\/career.scheer-group.com\/de\/wp-content\/uploads\/sites\/8\/2025\/09\/HR-Ansprechpartnerinnen-600x600_Mareike-Winterhalter-150x150.jpg 150w\" sizes=\"auto, (max-width: 600px) 100vw, 600px\" \/><\/div>\n\t<\/div><\/div><\/div><div id=\"panel-23208-3-2-1\" class=\"so-panel widget widget_zrm-editor panel-last-child\" data-index=\"10\" ><div\n\t\t\t\n\t\t\tclass=\"so-widget-zrm-editor so-widget-zrm-editor-default-d75171398898-23208\"\n\t\t\t\n\t\t><div class=\"widget widget--editor widget--show md\">\n\t<p style=\"text-align: center\"><strong>Mareike Winterhalter<\/strong><br \/>\n<span data-teams=\"true\">Recruiting Senior Expert<\/span><\/p>\n<p style=\"text-align: center\"><a href=\"mailto:mareike.winterhalter@scheer-group.com\">mareike.winterhalter@scheer-group.com<\/a><\/p>\n<\/div><\/div><\/div><\/div><div id=\"pgc-23208-3-3\"  class=\"panel-grid-cell panel-grid-cell-empty\" ><\/div><\/div><\/div>","protected":false},"excerpt":{"rendered":"<p>Kontaktiere uns Du hast Fragen oder ben\u00f6tigst Unterst\u00fctzung? Unser Karriere-Team hilft dir gerne weiter! Fragen rund um deine Karriere? Kontaktiere uns direkt! M\u00f6chtest du gemeinsam mit uns, dein \u201eY\u201d finden? Willst du mehr \u00fcber die Karrierem\u00f6glichkeiten bei Scheer erfahren? Oder hast du Fragen zu einer konkreten Stelle? Anabel Gillen Recruiting Expert anabel.gillen@scheer-group.com Jennifer Wilhelm Recruiting [&hellip;]<\/p>\n","protected":false},"author":3,"featured_media":0,"parent":0,"menu_order":0,"comment_status":"closed","ping_status":"closed","template":"","meta":{"_acf_changed":false,"footnotes":""},"class_list":["post-23208","page","type-page","status-publish","hentry"],"acf":[],"yoast_head":"<!-- This site is optimized with the Yoast SEO plugin v26.5 - https:\/\/yoast.com\/wordpress\/plugins\/seo\/ -->\n<title>Karriere bei der Scheer Gruppe | Kontakt<\/title>\n<meta name=\"description\" content=\"Fragen zur Karriere bei der Scheer Gruppe? Kontaktiere jederzeit unser Team und sprich mit uns \u00fcber offene Stellen und dar\u00fcber, wie wir gemeinsam dein \u201cY\u201d finden.\" \/>\n<meta name=\"robots\" content=\"index, follow, max-snippet:-1, max-image-preview:large, max-video-preview:-1\" \/>\n<link rel=\"canonical\" href=\"https:\/\/career.scheer-group.com\/de\/kontakt\/\" \/>\n<meta property=\"og:locale\" content=\"de_DE\" \/>\n<meta property=\"og:type\" content=\"article\" \/>\n<meta property=\"og:title\" content=\"Karriere bei der Scheer Gruppe | Kontakt\" \/>\n<meta property=\"og:description\" content=\"Fragen zur Karriere bei der Scheer Gruppe? Kontaktiere jederzeit unser Team und sprich mit uns \u00fcber offene Stellen und dar\u00fcber, wie wir gemeinsam dein \u201cY\u201d finden.\" \/>\n<meta property=\"og:url\" content=\"https:\/\/career.scheer-group.com\/de\/kontakt\/\" \/>\n<meta property=\"og:site_name\" content=\"Scheer Gruppe Karriere\" \/>\n<meta property=\"article:modified_time\" content=\"2025-10-09T15:01:38+00:00\" \/>\n<meta name=\"twitter:card\" content=\"summary_large_image\" \/>\n<meta name=\"twitter:label1\" content=\"Gesch\u00e4tzte Lesezeit\" \/>\n\t<meta name=\"twitter:data1\" content=\"2\u00a0Minuten\" \/>\n<script type=\"application\/ld+json\" class=\"yoast-schema-graph\">{\"@context\":\"https:\/\/schema.org\",\"@graph\":[{\"@type\":\"WebPage\",\"@id\":\"https:\/\/career.scheer-group.com\/de\/kontakt\/\",\"url\":\"https:\/\/career.scheer-group.com\/de\/kontakt\/\",\"name\":\"Karriere bei der Scheer Gruppe | Kontakt\",\"isPartOf\":{\"@id\":\"https:\/\/career.scheer-group.com\/de\/#website\"},\"datePublished\":\"2025-09-05T09:52:13+00:00\",\"dateModified\":\"2025-10-09T15:01:38+00:00\",\"description\":\"Fragen zur Karriere bei der Scheer Gruppe? Kontaktiere jederzeit unser Team und sprich mit uns \u00fcber offene Stellen und dar\u00fcber, wie wir gemeinsam dein \u201cY\u201d finden.\",\"breadcrumb\":{\"@id\":\"https:\/\/career.scheer-group.com\/de\/kontakt\/#breadcrumb\"},\"inLanguage\":\"de\",\"potentialAction\":[{\"@type\":\"ReadAction\",\"target\":[\"https:\/\/career.scheer-group.com\/de\/kontakt\/\"]}]},{\"@type\":\"BreadcrumbList\",\"@id\":\"https:\/\/career.scheer-group.com\/de\/kontakt\/#breadcrumb\",\"itemListElement\":[{\"@type\":\"ListItem\",\"position\":1,\"name\":\"Home\",\"item\":\"https:\/\/career.scheer-group.com\/de\/\"},{\"@type\":\"ListItem\",\"position\":2,\"name\":\"Kontaktiere uns\"}]},{\"@type\":\"WebSite\",\"@id\":\"https:\/\/career.scheer-group.com\/de\/#website\",\"url\":\"https:\/\/career.scheer-group.com\/de\/\",\"name\":\"Scheer Gruppe Karriere\",\"description\":\"\",\"potentialAction\":[{\"@type\":\"SearchAction\",\"target\":{\"@type\":\"EntryPoint\",\"urlTemplate\":\"https:\/\/career.scheer-group.com\/de\/?s={search_term_string}\"},\"query-input\":{\"@type\":\"PropertyValueSpecification\",\"valueRequired\":true,\"valueName\":\"search_term_string\"}}],\"inLanguage\":\"de\"}]}<\/script>\n<!-- \/ Yoast SEO plugin. -->","yoast_head_json":{"title":"Karriere bei der Scheer Gruppe | Kontakt","description":"Fragen zur Karriere bei der Scheer Gruppe? Kontaktiere jederzeit unser Team und sprich mit uns \u00fcber offene Stellen und dar\u00fcber, wie wir gemeinsam dein \u201cY\u201d finden.","robots":{"index":"index","follow":"follow","max-snippet":"max-snippet:-1","max-image-preview":"max-image-preview:large","max-video-preview":"max-video-preview:-1"},"canonical":"https:\/\/career.scheer-group.com\/de\/kontakt\/","og_locale":"de_DE","og_type":"article","og_title":"Karriere bei der Scheer Gruppe | Kontakt","og_description":"Fragen zur Karriere bei der Scheer Gruppe? Kontaktiere jederzeit unser Team und sprich mit uns \u00fcber offene Stellen und dar\u00fcber, wie wir gemeinsam dein \u201cY\u201d finden.","og_url":"https:\/\/career.scheer-group.com\/de\/kontakt\/","og_site_name":"Scheer Gruppe Karriere","article_modified_time":"2025-10-09T15:01:38+00:00","twitter_card":"summary_large_image","twitter_misc":{"Gesch\u00e4tzte Lesezeit":"2\u00a0Minuten"},"schema":{"@context":"https:\/\/schema.org","@graph":[{"@type":"WebPage","@id":"https:\/\/career.scheer-group.com\/de\/kontakt\/","url":"https:\/\/career.scheer-group.com\/de\/kontakt\/","name":"Karriere bei der Scheer Gruppe | Kontakt","isPartOf":{"@id":"https:\/\/career.scheer-group.com\/de\/#website"},"datePublished":"2025-09-05T09:52:13+00:00","dateModified":"2025-10-09T15:01:38+00:00","description":"Fragen zur Karriere bei der Scheer Gruppe? Kontaktiere jederzeit unser Team und sprich mit uns \u00fcber offene Stellen und dar\u00fcber, wie wir gemeinsam dein \u201cY\u201d finden.","breadcrumb":{"@id":"https:\/\/career.scheer-group.com\/de\/kontakt\/#breadcrumb"},"inLanguage":"de","potentialAction":[{"@type":"ReadAction","target":["https:\/\/career.scheer-group.com\/de\/kontakt\/"]}]},{"@type":"BreadcrumbList","@id":"https:\/\/career.scheer-group.com\/de\/kontakt\/#breadcrumb","itemListElement":[{"@type":"ListItem","position":1,"name":"Home","item":"https:\/\/career.scheer-group.com\/de\/"},{"@type":"ListItem","position":2,"name":"Kontaktiere uns"}]},{"@type":"WebSite","@id":"https:\/\/career.scheer-group.com\/de\/#website","url":"https:\/\/career.scheer-group.com\/de\/","name":"Scheer Gruppe Karriere","description":"","potentialAction":[{"@type":"SearchAction","target":{"@type":"EntryPoint","urlTemplate":"https:\/\/career.scheer-group.com\/de\/?s={search_term_string}"},"query-input":{"@type":"PropertyValueSpecification","valueRequired":true,"valueName":"search_term_string"}}],"inLanguage":"de"}]}},"_links":{"self":[{"href":"https:\/\/career.scheer-group.com\/de\/wp-json\/wp\/v2\/pages\/23208","targetHints":{"allow":["GET"]}}],"collection":[{"href":"https:\/\/career.scheer-group.com\/de\/wp-json\/wp\/v2\/pages"}],"about":[{"href":"https:\/\/career.scheer-group.com\/de\/wp-json\/wp\/v2\/types\/page"}],"author":[{"embeddable":true,"href":"https:\/\/career.scheer-group.com\/de\/wp-json\/wp\/v2\/users\/3"}],"replies":[{"embeddable":true,"href":"https:\/\/career.scheer-group.com\/de\/wp-json\/wp\/v2\/comments?post=23208"}],"version-history":[{"count":5,"href":"https:\/\/career.scheer-group.com\/de\/wp-json\/wp\/v2\/pages\/23208\/revisions"}],"predecessor-version":[{"id":24570,"href":"https:\/\/career.scheer-group.com\/de\/wp-json\/wp\/v2\/pages\/23208\/revisions\/24570"}],"wp:attachment":[{"href":"https:\/\/career.scheer-group.com\/de\/wp-json\/wp\/v2\/media?parent=23208"}],"curies":[{"name":"wp","href":"https:\/\/api.w.org\/{rel}","templated":true}]}}