{"id":20895,"date":"2024-01-26T15:34:23","date_gmt":"2024-01-26T14:34:23","guid":{"rendered":"https:\/\/www.\/\/career.scheer-group.com\/de\/?page_id=20895"},"modified":"2025-10-09T17:05:58","modified_gmt":"2025-10-09T15:05:58","slug":"hinweisgebersystem","status":"publish","type":"page","link":"https:\/\/career.scheer-group.com\/de\/hinweisgebersystem\/","title":{"rendered":"Hinweisgebersystem"},"content":{"rendered":"<div id=\"pl-20895\"  class=\"panel-layout\" ><div id=\"pg-20895-0\"  class=\"panel-grid panel-no-style\"  style=\"--mobile-padding:;\" ><div id=\"pgc-20895-0-0\"  class=\"panel-grid-cell\" ><div id=\"panel-20895-0-0-0\" class=\"so-panel widget widget_zrm-hero panel-first-child panel-last-child\" data-index=\"0\" ><div\n\t\t\t\n\t\t\tclass=\"so-widget-zrm-hero so-widget-zrm-hero-default-d75171398898-20895\"\n\t\t\t\n\t\t><div class=\"widget widget--hero widget--left widget--show xl\">\n\t\t\t<div class=\"hero__image\">\n\t\t\t<div class=\"hero__darken\"><\/div>\t\t\t<img loading=\"lazy\" decoding=\"async\" width=\"800\" height=\"373\" src=\"https:\/\/career.scheer-group.com\/de\/wp-content\/uploads\/sites\/8\/2020\/03\/compliance.jpg\" class=\"attachment-full size-full\" alt=\"\" srcset=\"https:\/\/career.scheer-group.com\/de\/wp-content\/uploads\/sites\/8\/2020\/03\/compliance.jpg 800w, https:\/\/career.scheer-group.com\/de\/wp-content\/uploads\/sites\/8\/2020\/03\/compliance-300x140.jpg 300w, https:\/\/career.scheer-group.com\/de\/wp-content\/uploads\/sites\/8\/2020\/03\/compliance-768x358.jpg 768w\" sizes=\"auto, (max-width: 800px) 100vw, 800px\" \/>\t\t<\/div>\n\t\t<div class=\"hero__container\">\n\t\t<div class=\"hero__headline bold\">\n\t\t\t<div class=\"firstline\">\u00dcber unser<\/div>\n\t\t\t<div class=\"secondline\">Hinweisgeberschutzsystem<\/div>\n\t\t<\/div>\n\t\t\t\t<div class=\"hero__content hero__content--normal\">\n\t\t\t<div class=\"hero__text\">\n\t\t\t\t\t\t\t\t\t\t\t\t\t\t\t\t\t<div class=\"hero__cta\">\n\t\t\t\t\t\t\t\t\t\t\t\t\t\t\t\t\t<\/div>\n\t\t\t\t\t\t\t<\/div>\n\t\t<\/div>\n\t<\/div>\n<\/div>\n<\/div><\/div><\/div><\/div><div id=\"pg-20895-1\"  class=\"panel-grid panel-no-style\"  style=\"--mobile-padding:;\" ><div id=\"pgc-20895-1-0\"  class=\"panel-grid-cell panel-grid-cell-empty\" ><\/div><div id=\"pgc-20895-1-1\"  class=\"panel-grid-cell panel-grid-cell-mobile-last\" ><div id=\"panel-20895-1-1-0\" class=\"so-panel widget widget_zrm-headline panel-first-child\" data-index=\"1\" ><div\n\t\t\t\n\t\t\tclass=\"so-widget-zrm-headline so-widget-zrm-headline-default-d75171398898-20895\"\n\t\t\t\n\t\t><div class=\"widget widget--headline widget--center widget--show md  \">\n\t<div class=\"preline\"><\/div>\n\t<h1 class=\"headline h1\">Interne Meldestelle der Scheer Group<\/h1>\t<div class=\"subline\"><\/div>\n<\/div>\n<\/div><\/div><div id=\"panel-20895-1-1-1\" class=\"so-panel widget widget_zrm-editor panel-last-child\" data-index=\"2\" ><div\n\t\t\t\n\t\t\tclass=\"so-widget-zrm-editor so-widget-zrm-editor-default-d75171398898-20895\"\n\t\t\t\n\t\t><div class=\"widget widget--editor widget--show lg\">\n\t<p>Die Einhaltung effektiver Compliance hat f\u00fcr die Scheer Group und ihre Gesellschaften h\u00f6chste Priorit\u00e4t. Ein wichtiger Bestandteil davon ist die F\u00f6rderung einer Kultur, in der rechtswidriges Verhalten gemeldet und adressiert werden kann. Verst\u00f6\u00dfe gegen geltendes Recht m\u00fcssen fr\u00fchzeitig erkannt werden, um entsprechende Gegenma\u00dfnahmen einleiten und m\u00f6gliche Sch\u00e4den f\u00fcr Betroffene, Mitarbeiter, Gesch\u00e4ftspartner, Kunden, das Unternehmen und sonstige Dritte abwenden zu k\u00f6nnen.<\/p>\n<p>&nbsp;<\/p>\n<p>Der Compliance-Ombudsmann und das nach ISO 27001 zertifizierte Hinweisgebersystem unter <a href=\"https:\/\/scheer-group.hintbox.eu\/\" target=\"_blank\" rel=\"noopener noreferrer\">scheer-group.hintbox.eu<\/a>\u00a0sind Bestandteile des Compliance-Systems und der Compliance-Kultur der Scheer Group.<\/p>\n<p>\u201eZum Hinweisgebersystem der Unternehmen der <strong>Scheer IMC<\/strong> gelangen Sie hier: <a href=\"https:\/\/www.scheer-imc.com\/de\/hinweisgebersystem\/\">scheer-imc.com\/de\/hinweisgebersystem<\/a>. Bitte beachten Sie die ggf. abweichenden Informationen zum Hinweisgerbersystem der Scheer IMC, die Sie hier aufrufen k\u00f6nnen: <a href=\"https:\/\/www.scheer-imc.com\/de\/hinweisgebersystem\/\">scheer-imc.com\/de\/hinweisgebersystem<\/a><\/p>\n<p>&nbsp;<\/p>\n<h3>Wer kann Verst\u00f6\u00dfe melden?<\/h3>\n<p>Das Hinweisgebersystem der Scheer Group steht nicht nur allen Mitarbeitern, sondern auch Dritten, externen Partnern, Dienstleistern und Lieferanten zur Verf\u00fcgung. Das Hinweisgebersystem dient der Meldung und Untersuchung von Gesetzesverst\u00f6\u00dfen oder m\u00f6glichen Verst\u00f6\u00dfen gegen interne Vorschriften und Richtlinien, insbesondere den Code of Conduct der Scheer Group. \u00dcber das System k\u00f6nnen auch Hinweise zu Umwelt- und Menschenrechtsverst\u00f6\u00dfen der Scheer Group oder deren Lieferanten und Dienstleistern gemeldet werden.<\/p>\n<p>&nbsp;<\/p>\n<p>&nbsp;<\/p>\n<h3>Wie k\u00f6nnen Verst\u00f6\u00dfe gemeldet werden?<\/h3>\n<p>Falls Sie Betroffener eines Versto\u00dfes sind oder als Mitarbeiter, Gesch\u00e4ftspartner, Kunde oder sonstiger Dritter glauben, solche Verst\u00f6\u00dfe beobachtet zu haben, so k\u00f6nnen Sie Ihre Hinweise an unseren Compliance-Ombudsmann.<\/p>\n<p>&nbsp;<\/p>\n<p>THS Treuhand Saar Compliance GmbH<br \/>\nFeldmannstra\u00dfe 103<br \/>\n66119 Saarbr\u00fccken<\/p>\n<p>Telefon: +49 (0) 681 996860<br \/>\nFax: +49 (0) 681 9968660<br \/>\nE-Mail:\u00a0<a href=\"mailto:info@ths-compliance.de\">info@ths-compliance.de<\/a><br \/>\noder \u00fcber unser Portal f\u00fcr Hinweise:\u00a0<a href=\"https:\/\/scheer-group.hintbox.eu\/\" target=\"_blank\" rel=\"noopener noreferrer\">https:\/\/scheer-group.hintbox.eu\/<\/a>\u00a0einreichen.<\/p>\n<p>&nbsp;<\/p>\n<h3>Was kann gemeldet werden?<\/h3>\n<p>Sie k\u00f6nnen sich an unsere interne Meldestelle wenden, wenn Sie Verst\u00f6\u00dfe zu folgenden Themenbereichen melden m\u00f6chten:<\/p>\n<ul>\n<li>Verst\u00f6\u00dfe gegen Strafvorschriften<\/li>\n<li>Verst\u00f6\u00dfe, die bu\u00dfgeldbewehrt sind, soweit die verletzte Vorschrift dem Schutz von Leben, Leib oder Gesundheit oder dem Schutz der Rechte von Besch\u00e4ftigten oder ihrer Vertretungsorgane dient, z.B. bei Vorschriften bzgl.\n<ul>\n<li>Arbeitsschutz<\/li>\n<li>Gesundheitsschutz<\/li>\n<li>Mindestlohn<\/li>\n<li>Arbeitnehmer\u00fcberlassung<\/li>\n<\/ul>\n<\/li>\n<li>Sonstige Verst\u00f6\u00dfe gegen Rechtsvorschriften des Bundes und der L\u00e4nder sowie unmittelbar geltende Rechtsakte der Europ\u00e4ischen Union, z.B.\n<ul>\n<li>Geldw\u00e4sche<\/li>\n<li>Terrorismusfinanzierung<\/li>\n<li>Produktsicherheit und -konformit\u00e4t<\/li>\n<li>Umweltschutz<\/li>\n<li>Verbraucherschutzregelungen<\/li>\n<\/ul>\n<\/li>\n<li>Verst\u00f6\u00dfe gegen Regelungen der IT-Sicherheit und des Datenschutzes<\/li>\n<li>Verst\u00f6\u00dfe gegen Vergabevorschriften<\/li>\n<li>Verst\u00f6\u00dfe gegen steuerliche Rechtsnormen f\u00fcr K\u00f6rperschaften und Personenhandelsgesellschaften<\/li>\n<\/ul>\n<p>&nbsp;<\/p>\n<p>&nbsp;<\/p>\n<h3>Datenschutz<\/h3>\n<p>Im Rahmen des Meldeverfahrens werden abh\u00e4ngig von Art und dem Umgang der Meldung ggf. personenbezogene Daten verarbeitet. Unsere meldestellenbezogenen Datenschutzhinweise sind unter folgendem\u00a0<a href=\"https:\/\/www.scheer-group.com\/de\/hinweisgebersystem\/\">Link<\/a>\u00a0aufrufbar.<\/p>\n<\/div><\/div><\/div><\/div><div id=\"pgc-20895-1-2\"  class=\"panel-grid-cell panel-grid-cell-empty\" ><\/div><\/div><\/div>","protected":false},"excerpt":{"rendered":"<p>\u00dcber unser Hinweisgeberschutzsystem Interne Meldestelle der Scheer Group Die Einhaltung effektiver Compliance hat f\u00fcr die Scheer Group und ihre Gesellschaften h\u00f6chste Priorit\u00e4t. Ein wichtiger Bestandteil davon ist die F\u00f6rderung einer Kultur, in der rechtswidriges Verhalten gemeldet und adressiert werden kann. Verst\u00f6\u00dfe gegen geltendes Recht m\u00fcssen fr\u00fchzeitig erkannt werden, um entsprechende Gegenma\u00dfnahmen einleiten und m\u00f6gliche Sch\u00e4den [&hellip;]<\/p>\n","protected":false},"author":68,"featured_media":13213,"parent":0,"menu_order":31,"comment_status":"closed","ping_status":"closed","template":"","meta":{"_acf_changed":false,"footnotes":""},"class_list":["post-20895","page","type-page","status-publish","has-post-thumbnail","hentry"],"acf":[],"yoast_head":"<!-- This site is optimized with the Yoast SEO plugin v26.5 - https:\/\/yoast.com\/wordpress\/plugins\/seo\/ -->\n<title>Hinweisgeberschutzsystem<\/title>\n<meta name=\"description\" content=\"Mit Ihrer Unterst\u00fctzung k\u00f6nnen wir Gesetzesverst\u00f6\u00dfe fr\u00fchzeitig aufdecken und so die Entstehung von Fehlverhalten wirksam bek\u00e4mpfen.\" \/>\n<meta name=\"robots\" content=\"index, follow, max-snippet:-1, max-image-preview:large, max-video-preview:-1\" \/>\n<link rel=\"canonical\" href=\"https:\/\/career.scheer-group.com\/de\/hinweisgebersystem\/\" \/>\n<meta property=\"og:locale\" content=\"de_DE\" \/>\n<meta property=\"og:type\" content=\"article\" \/>\n<meta property=\"og:title\" content=\"Hinweisgeberschutzsystem\" \/>\n<meta property=\"og:description\" content=\"Mit Ihrer Unterst\u00fctzung k\u00f6nnen wir Gesetzesverst\u00f6\u00dfe fr\u00fchzeitig aufdecken und so die Entstehung von Fehlverhalten wirksam bek\u00e4mpfen.\" \/>\n<meta property=\"og:url\" content=\"https:\/\/career.scheer-group.com\/de\/hinweisgebersystem\/\" \/>\n<meta property=\"og:site_name\" content=\"Scheer Gruppe Karriere\" \/>\n<meta property=\"article:modified_time\" content=\"2025-10-09T15:05:58+00:00\" \/>\n<meta property=\"og:image\" content=\"https:\/\/career.scheer-group.com\/de\/wp-content\/uploads\/sites\/8\/2020\/05\/2019-12-04-imc-55777.jpg\" \/>\n\t<meta property=\"og:image:width\" content=\"2000\" \/>\n\t<meta property=\"og:image:height\" content=\"1333\" \/>\n\t<meta property=\"og:image:type\" content=\"image\/jpeg\" \/>\n<meta name=\"twitter:card\" content=\"summary_large_image\" \/>\n<meta name=\"twitter:label1\" content=\"Gesch\u00e4tzte Lesezeit\" \/>\n\t<meta name=\"twitter:data1\" content=\"3\u00a0Minuten\" \/>\n<script type=\"application\/ld+json\" class=\"yoast-schema-graph\">{\"@context\":\"https:\/\/schema.org\",\"@graph\":[{\"@type\":\"WebPage\",\"@id\":\"https:\/\/career.scheer-group.com\/de\/hinweisgebersystem\/\",\"url\":\"https:\/\/career.scheer-group.com\/de\/hinweisgebersystem\/\",\"name\":\"Hinweisgeberschutzsystem\",\"isPartOf\":{\"@id\":\"https:\/\/career.scheer-group.com\/de\/#website\"},\"primaryImageOfPage\":{\"@id\":\"https:\/\/career.scheer-group.com\/de\/hinweisgebersystem\/#primaryimage\"},\"image\":{\"@id\":\"https:\/\/career.scheer-group.com\/de\/hinweisgebersystem\/#primaryimage\"},\"thumbnailUrl\":\"https:\/\/career.scheer-group.com\/de\/wp-content\/uploads\/sites\/8\/2020\/05\/2019-12-04-imc-55777.jpg\",\"datePublished\":\"2024-01-26T14:34:23+00:00\",\"dateModified\":\"2025-10-09T15:05:58+00:00\",\"description\":\"Mit Ihrer Unterst\u00fctzung k\u00f6nnen wir Gesetzesverst\u00f6\u00dfe fr\u00fchzeitig aufdecken und so die Entstehung von Fehlverhalten wirksam bek\u00e4mpfen.\",\"breadcrumb\":{\"@id\":\"https:\/\/career.scheer-group.com\/de\/hinweisgebersystem\/#breadcrumb\"},\"inLanguage\":\"de\",\"potentialAction\":[{\"@type\":\"ReadAction\",\"target\":[\"https:\/\/career.scheer-group.com\/de\/hinweisgebersystem\/\"]}]},{\"@type\":\"ImageObject\",\"inLanguage\":\"de\",\"@id\":\"https:\/\/career.scheer-group.com\/de\/hinweisgebersystem\/#primaryimage\",\"url\":\"https:\/\/career.scheer-group.com\/de\/wp-content\/uploads\/sites\/8\/2020\/05\/2019-12-04-imc-55777.jpg\",\"contentUrl\":\"https:\/\/career.scheer-group.com\/de\/wp-content\/uploads\/sites\/8\/2020\/05\/2019-12-04-imc-55777.jpg\",\"width\":2000,\"height\":1333,\"caption\":\"it infrastructure worker on laptop infront of server rack\"},{\"@type\":\"BreadcrumbList\",\"@id\":\"https:\/\/career.scheer-group.com\/de\/hinweisgebersystem\/#breadcrumb\",\"itemListElement\":[{\"@type\":\"ListItem\",\"position\":1,\"name\":\"Home\",\"item\":\"https:\/\/career.scheer-group.com\/de\/\"},{\"@type\":\"ListItem\",\"position\":2,\"name\":\"Hinweisgebersystem\"}]},{\"@type\":\"WebSite\",\"@id\":\"https:\/\/career.scheer-group.com\/de\/#website\",\"url\":\"https:\/\/career.scheer-group.com\/de\/\",\"name\":\"Scheer Gruppe Karriere\",\"description\":\"\",\"potentialAction\":[{\"@type\":\"SearchAction\",\"target\":{\"@type\":\"EntryPoint\",\"urlTemplate\":\"https:\/\/career.scheer-group.com\/de\/?s={search_term_string}\"},\"query-input\":{\"@type\":\"PropertyValueSpecification\",\"valueRequired\":true,\"valueName\":\"search_term_string\"}}],\"inLanguage\":\"de\"}]}<\/script>\n<!-- \/ Yoast SEO plugin. -->","yoast_head_json":{"title":"Hinweisgeberschutzsystem","description":"Mit Ihrer Unterst\u00fctzung k\u00f6nnen wir Gesetzesverst\u00f6\u00dfe fr\u00fchzeitig aufdecken und so die Entstehung von Fehlverhalten wirksam bek\u00e4mpfen.","robots":{"index":"index","follow":"follow","max-snippet":"max-snippet:-1","max-image-preview":"max-image-preview:large","max-video-preview":"max-video-preview:-1"},"canonical":"https:\/\/career.scheer-group.com\/de\/hinweisgebersystem\/","og_locale":"de_DE","og_type":"article","og_title":"Hinweisgeberschutzsystem","og_description":"Mit Ihrer Unterst\u00fctzung k\u00f6nnen wir Gesetzesverst\u00f6\u00dfe fr\u00fchzeitig aufdecken und so die Entstehung von Fehlverhalten wirksam bek\u00e4mpfen.","og_url":"https:\/\/career.scheer-group.com\/de\/hinweisgebersystem\/","og_site_name":"Scheer Gruppe Karriere","article_modified_time":"2025-10-09T15:05:58+00:00","og_image":[{"width":2000,"height":1333,"url":"https:\/\/career.scheer-group.com\/de\/wp-content\/uploads\/sites\/8\/2020\/05\/2019-12-04-imc-55777.jpg","type":"image\/jpeg"}],"twitter_card":"summary_large_image","twitter_misc":{"Gesch\u00e4tzte Lesezeit":"3\u00a0Minuten"},"schema":{"@context":"https:\/\/schema.org","@graph":[{"@type":"WebPage","@id":"https:\/\/career.scheer-group.com\/de\/hinweisgebersystem\/","url":"https:\/\/career.scheer-group.com\/de\/hinweisgebersystem\/","name":"Hinweisgeberschutzsystem","isPartOf":{"@id":"https:\/\/career.scheer-group.com\/de\/#website"},"primaryImageOfPage":{"@id":"https:\/\/career.scheer-group.com\/de\/hinweisgebersystem\/#primaryimage"},"image":{"@id":"https:\/\/career.scheer-group.com\/de\/hinweisgebersystem\/#primaryimage"},"thumbnailUrl":"https:\/\/career.scheer-group.com\/de\/wp-content\/uploads\/sites\/8\/2020\/05\/2019-12-04-imc-55777.jpg","datePublished":"2024-01-26T14:34:23+00:00","dateModified":"2025-10-09T15:05:58+00:00","description":"Mit Ihrer Unterst\u00fctzung k\u00f6nnen wir Gesetzesverst\u00f6\u00dfe fr\u00fchzeitig aufdecken und so die Entstehung von Fehlverhalten wirksam bek\u00e4mpfen.","breadcrumb":{"@id":"https:\/\/career.scheer-group.com\/de\/hinweisgebersystem\/#breadcrumb"},"inLanguage":"de","potentialAction":[{"@type":"ReadAction","target":["https:\/\/career.scheer-group.com\/de\/hinweisgebersystem\/"]}]},{"@type":"ImageObject","inLanguage":"de","@id":"https:\/\/career.scheer-group.com\/de\/hinweisgebersystem\/#primaryimage","url":"https:\/\/career.scheer-group.com\/de\/wp-content\/uploads\/sites\/8\/2020\/05\/2019-12-04-imc-55777.jpg","contentUrl":"https:\/\/career.scheer-group.com\/de\/wp-content\/uploads\/sites\/8\/2020\/05\/2019-12-04-imc-55777.jpg","width":2000,"height":1333,"caption":"it infrastructure worker on laptop infront of server rack"},{"@type":"BreadcrumbList","@id":"https:\/\/career.scheer-group.com\/de\/hinweisgebersystem\/#breadcrumb","itemListElement":[{"@type":"ListItem","position":1,"name":"Home","item":"https:\/\/career.scheer-group.com\/de\/"},{"@type":"ListItem","position":2,"name":"Hinweisgebersystem"}]},{"@type":"WebSite","@id":"https:\/\/career.scheer-group.com\/de\/#website","url":"https:\/\/career.scheer-group.com\/de\/","name":"Scheer Gruppe Karriere","description":"","potentialAction":[{"@type":"SearchAction","target":{"@type":"EntryPoint","urlTemplate":"https:\/\/career.scheer-group.com\/de\/?s={search_term_string}"},"query-input":{"@type":"PropertyValueSpecification","valueRequired":true,"valueName":"search_term_string"}}],"inLanguage":"de"}]}},"_links":{"self":[{"href":"https:\/\/career.scheer-group.com\/de\/wp-json\/wp\/v2\/pages\/20895","targetHints":{"allow":["GET"]}}],"collection":[{"href":"https:\/\/career.scheer-group.com\/de\/wp-json\/wp\/v2\/pages"}],"about":[{"href":"https:\/\/career.scheer-group.com\/de\/wp-json\/wp\/v2\/types\/page"}],"author":[{"embeddable":true,"href":"https:\/\/career.scheer-group.com\/de\/wp-json\/wp\/v2\/users\/68"}],"replies":[{"embeddable":true,"href":"https:\/\/career.scheer-group.com\/de\/wp-json\/wp\/v2\/comments?post=20895"}],"version-history":[{"count":2,"href":"https:\/\/career.scheer-group.com\/de\/wp-json\/wp\/v2\/pages\/20895\/revisions"}],"predecessor-version":[{"id":24557,"href":"https:\/\/career.scheer-group.com\/de\/wp-json\/wp\/v2\/pages\/20895\/revisions\/24557"}],"wp:featuredmedia":[{"embeddable":true,"href":"https:\/\/career.scheer-group.com\/de\/wp-json\/wp\/v2\/media\/13213"}],"wp:attachment":[{"href":"https:\/\/career.scheer-group.com\/de\/wp-json\/wp\/v2\/media?parent=20895"}],"curies":[{"name":"wp","href":"https:\/\/api.w.org\/{rel}","templated":true}]}}